{"id":109,"date":"2014-08-28T14:53:49","date_gmt":"2014-08-28T12:53:49","guid":{"rendered":"http:\/\/pour-enfants.fr\/charades\/?page_id=109"},"modified":"2025-06-18T17:44:40","modified_gmt":"2025-06-18T15:44:40","slug":"plan-du-site-de-charades","status":"publish","type":"page","link":"https:\/\/pour-enfants.fr\/charades\/plan-du-site-de-charades\/","title":{"rendered":"Plan du site"},"content":{"rendered":"<p>Plan Plan Ramplanplan<\/p>\n<p>Je cherche \u00e0 faire un plan automatique.<\/p>\n<p><!-- ddsitemapgen --><\/p>\n","protected":false},"excerpt":{"rendered":"<p>Plan Plan Ramplanplan Je cherche \u00e0 faire un plan automatique.<\/p>\n","protected":false},"author":1,"featured_media":0,"parent":0,"menu_order":0,"comment_status":"closed","ping_status":"closed","template":"","meta":[],"yoast_head":"<!-- This site is optimized with the Yoast SEO plugin v17.9 - https:\/\/yoast.com\/wordpress\/plugins\/seo\/ -->\n<title>Plan du site - Charades, mots cach\u00e9s, jeux, devinettes, pour enfants.<\/title>\n<meta name=\"robots\" content=\"index, follow, max-snippet:-1, max-image-preview:large, max-video-preview:-1\" \/>\n<link rel=\"canonical\" href=\"https:\/\/pour-enfants.fr\/charades\/plan-du-site-de-charades\/\" \/>\n<meta property=\"og:locale\" content=\"fr_FR\" \/>\n<meta property=\"og:type\" content=\"article\" \/>\n<meta property=\"og:title\" content=\"Plan du site - Charades, mots cach\u00e9s, jeux, devinettes, pour enfants.\" \/>\n<meta property=\"og:description\" content=\"Plan Plan Ramplanplan Je cherche \u00e0 faire un plan automatique.\" \/>\n<meta property=\"og:url\" content=\"https:\/\/pour-enfants.fr\/charades\/plan-du-site-de-charades\/\" \/>\n<meta property=\"og:site_name\" content=\"Charades, mots cach\u00e9s, jeux, devinettes, pour enfants.\" \/>\n<meta property=\"article:modified_time\" content=\"2025-06-18T15:44:40+00:00\" \/>\n<meta name=\"twitter:card\" content=\"summary\" \/>\n<script type=\"application\/ld+json\" class=\"yoast-schema-graph\">{\"@context\":\"https:\/\/schema.org\",\"@graph\":[{\"@type\":\"WebSite\",\"@id\":\"https:\/\/pour-enfants.fr\/charades\/#website\",\"url\":\"https:\/\/pour-enfants.fr\/charades\/\",\"name\":\"Charades, mots cach\\u00e9s, jeux, devinettes, pour enfants.\",\"description\":\"Activit\\u00e9s \\u00e0 imprimer pour enfants. Maternelle et \\u00e9l\\u00e9mentaire. Cp ce1 ce2 cm1 cm2. Avec l&#039;id\\u00e9e d&#039;apprendre.\",\"potentialAction\":[{\"@type\":\"SearchAction\",\"target\":{\"@type\":\"EntryPoint\",\"urlTemplate\":\"https:\/\/pour-enfants.fr\/charades\/?s={search_term_string}\"},\"query-input\":\"required name=search_term_string\"}],\"inLanguage\":\"fr-FR\"},{\"@type\":\"WebPage\",\"@id\":\"https:\/\/pour-enfants.fr\/charades\/plan-du-site-de-charades\/#webpage\",\"url\":\"https:\/\/pour-enfants.fr\/charades\/plan-du-site-de-charades\/\",\"name\":\"Plan du site - Charades, mots cach\\u00e9s, jeux, devinettes, pour enfants.\",\"isPartOf\":{\"@id\":\"https:\/\/pour-enfants.fr\/charades\/#website\"},\"datePublished\":\"2014-08-28T12:53:49+00:00\",\"dateModified\":\"2025-06-18T15:44:40+00:00\",\"breadcrumb\":{\"@id\":\"https:\/\/pour-enfants.fr\/charades\/plan-du-site-de-charades\/#breadcrumb\"},\"inLanguage\":\"fr-FR\",\"potentialAction\":[{\"@type\":\"ReadAction\",\"target\":[\"https:\/\/pour-enfants.fr\/charades\/plan-du-site-de-charades\/\"]}]},{\"@type\":\"BreadcrumbList\",\"@id\":\"https:\/\/pour-enfants.fr\/charades\/plan-du-site-de-charades\/#breadcrumb\",\"itemListElement\":[{\"@type\":\"ListItem\",\"position\":1,\"name\":\"Accueil\",\"item\":\"https:\/\/pour-enfants.fr\/charades\/\"},{\"@type\":\"ListItem\",\"position\":2,\"name\":\"Plan du site\"}]}]}<\/script>\n<!-- \/ Yoast SEO plugin. -->","yoast_head_json":{"title":"Plan du site - Charades, mots cach\u00e9s, jeux, devinettes, pour enfants.","robots":{"index":"index","follow":"follow","max-snippet":"max-snippet:-1","max-image-preview":"max-image-preview:large","max-video-preview":"max-video-preview:-1"},"canonical":"https:\/\/pour-enfants.fr\/charades\/plan-du-site-de-charades\/","og_locale":"fr_FR","og_type":"article","og_title":"Plan du site - Charades, mots cach\u00e9s, jeux, devinettes, pour enfants.","og_description":"Plan Plan Ramplanplan Je cherche \u00e0 faire un plan automatique.","og_url":"https:\/\/pour-enfants.fr\/charades\/plan-du-site-de-charades\/","og_site_name":"Charades, mots cach\u00e9s, jeux, devinettes, pour enfants.","article_modified_time":"2025-06-18T15:44:40+00:00","twitter_card":"summary","schema":{"@context":"https:\/\/schema.org","@graph":[{"@type":"WebSite","@id":"https:\/\/pour-enfants.fr\/charades\/#website","url":"https:\/\/pour-enfants.fr\/charades\/","name":"Charades, mots cach\u00e9s, jeux, devinettes, pour enfants.","description":"Activit\u00e9s \u00e0 imprimer pour enfants. Maternelle et \u00e9l\u00e9mentaire. Cp ce1 ce2 cm1 cm2. Avec l&#039;id\u00e9e d&#039;apprendre.","potentialAction":[{"@type":"SearchAction","target":{"@type":"EntryPoint","urlTemplate":"https:\/\/pour-enfants.fr\/charades\/?s={search_term_string}"},"query-input":"required name=search_term_string"}],"inLanguage":"fr-FR"},{"@type":"WebPage","@id":"https:\/\/pour-enfants.fr\/charades\/plan-du-site-de-charades\/#webpage","url":"https:\/\/pour-enfants.fr\/charades\/plan-du-site-de-charades\/","name":"Plan du site - Charades, mots cach\u00e9s, jeux, devinettes, pour enfants.","isPartOf":{"@id":"https:\/\/pour-enfants.fr\/charades\/#website"},"datePublished":"2014-08-28T12:53:49+00:00","dateModified":"2025-06-18T15:44:40+00:00","breadcrumb":{"@id":"https:\/\/pour-enfants.fr\/charades\/plan-du-site-de-charades\/#breadcrumb"},"inLanguage":"fr-FR","potentialAction":[{"@type":"ReadAction","target":["https:\/\/pour-enfants.fr\/charades\/plan-du-site-de-charades\/"]}]},{"@type":"BreadcrumbList","@id":"https:\/\/pour-enfants.fr\/charades\/plan-du-site-de-charades\/#breadcrumb","itemListElement":[{"@type":"ListItem","position":1,"name":"Accueil","item":"https:\/\/pour-enfants.fr\/charades\/"},{"@type":"ListItem","position":2,"name":"Plan du site"}]}]}},"_links":{"self":[{"href":"https:\/\/pour-enfants.fr\/charades\/wp-json\/wp\/v2\/pages\/109"}],"collection":[{"href":"https:\/\/pour-enfants.fr\/charades\/wp-json\/wp\/v2\/pages"}],"about":[{"href":"https:\/\/pour-enfants.fr\/charades\/wp-json\/wp\/v2\/types\/page"}],"author":[{"embeddable":true,"href":"https:\/\/pour-enfants.fr\/charades\/wp-json\/wp\/v2\/users\/1"}],"replies":[{"embeddable":true,"href":"https:\/\/pour-enfants.fr\/charades\/wp-json\/wp\/v2\/comments?post=109"}],"version-history":[{"count":5,"href":"https:\/\/pour-enfants.fr\/charades\/wp-json\/wp\/v2\/pages\/109\/revisions"}],"predecessor-version":[{"id":3526,"href":"https:\/\/pour-enfants.fr\/charades\/wp-json\/wp\/v2\/pages\/109\/revisions\/3526"}],"wp:attachment":[{"href":"https:\/\/pour-enfants.fr\/charades\/wp-json\/wp\/v2\/media?parent=109"}],"curies":[{"name":"wp","href":"https:\/\/api.w.org\/{rel}","templated":true}]}}