{"id":3502,"date":"2025-06-18T15:55:55","date_gmt":"2025-06-18T13:55:55","guid":{"rendered":"https:\/\/pour-enfants.fr\/charades\/?page_id=3502"},"modified":"2025-06-21T09:27:59","modified_gmt":"2025-06-21T07:27:59","slug":"mots-caches-fleurs","status":"publish","type":"page","link":"https:\/\/pour-enfants.fr\/charades\/mots-caches\/fleurs\/","title":{"rendered":"Mots cach\u00e9s fleurs \u00e0 imprimer &#8211; Jeux gratuits pour enfants."},"content":{"rendered":"<section>\n<h2>Mots cach\u00e9s sur les fleurs<\/h2>\n<p>Plonge dans le monde des fleurs avec nos grilles de mots cach\u00e9s \u00e0 imprimer sp\u00e9cialement con\u00e7ues pour les enfants.<\/p>\n<p>Amuse-toi \u00e0 retrouver tous les noms de fleurs cach\u00e9s dans la grille, et am\u00e9liore ton vocabulaire de fa\u00e7on ludique.<\/p>\n<p>Tu peux imprimer ces jeux gratuitement et les utiliser \u00e0 la maison ou \u00e0 l&#8217;\u00e9cole.<\/p>\n<p><strong>Pr\u00eat \u00e0 relever le d\u00e9fi&#160;?<\/strong><\/p>\n<\/section>\n<section>\n<h2>Grille de mots cach\u00e9s&#160;: les fleurs<\/h2>\n<figure id=\"attachment_2616\" aria-describedby=\"caption-attachment-2616\" style=\"width: 344px\" class=\"wp-caption aligncenter\"><a href=\"https:\/\/pour-enfants.fr\/charades\/wp-content\/uploads\/2022\/05\/mots-meles-fete-des-peres-1.png\"><img loading=\"lazy\" class=\" wp-image-2616\" src=\"https:\/\/pour-enfants.fr\/charades\/wp-content\/uploads\/2022\/05\/mots-meles-fete-des-peres-1.png\" alt=\"Grille de mots cach\u00e9s \u00e0 imprimer sur le th\u00e8me des fleurs. Version pour papa.\" width=\"344\" height=\"728\" \/><\/a><figcaption id=\"caption-attachment-2616\" class=\"wp-caption-text\">Mots cach\u00e9s sur le th\u00e8me des fleurs \u00e0 imprimer. Pour papa.<\/figcaption><\/figure>\n<p><strong>Grille \u00e0 imprimer&#160;:<\/strong> mots cach\u00e9s plein de roses et de muguet. Une grille pour papa. Les papas aussi, m\u00e9ritent bien qu&#8217;on leur offre de beaux bouquets.<\/p>\n<p>Les fleurs que tu vas d\u00e9couvrir sont&#160;: la glycine, la violette, le lilas, la tulipe, le dahlia, le muguet, la marguerite et bien d&#8217;autres encore.<\/p>\n<\/section>\n<section>Retrouve dans cette grille tous les mots li\u00e9s aux fleurs. Imprime-la et amuse-toi \u00e0 les retrouver&#160;!<\/section>\n<section><\/section>\n<h3>Une autre grille \u00e0 imprimer, pour maman cette fois-ci<\/h3>\n<figure id=\"attachment_2608\" aria-describedby=\"caption-attachment-2608\" style=\"width: 345px\" class=\"wp-caption aligncenter\"><a href=\"https:\/\/pour-enfants.fr\/charades\/wp-content\/uploads\/2022\/05\/mots-meles-fete-des-meres.png\"><img loading=\"lazy\" class=\" wp-image-2608\" src=\"https:\/\/pour-enfants.fr\/charades\/wp-content\/uploads\/2022\/05\/mots-meles-fete-des-meres.png\" alt=\"Grille de mots cach\u00e9s \u00e0 imprimer sur le th\u00e8me des fleurs. Version pour maman.\" width=\"345\" height=\"530\" \/><\/a><figcaption id=\"caption-attachment-2608\" class=\"wp-caption-text\">Mots m\u00eal\u00e9s sur le th\u00e8me des fleurs \u00e0 imprimer. Pour maman.<\/figcaption><\/figure>\n<p>Connais-tu le coquelicot&#160;? Il a inspir\u00e9 une belle chanson de Mouloudji que tes parents ou grands-parents connaissent peut \u00eatre. Le g\u00e9ranium est tr\u00e8s connu, et la rose \u00e9galement, qui d&#8217;ailleurs n&#8217;est pas toujours rose.<\/p>\n<section>\n<h2>D&#8217;autres grilles de mots cach\u00e9s \u00e0 d\u00e9couvrir<\/h2>\n<p>Tu as aim\u00e9 ces grilles sur les fleurs&#160;? Bonne nouvelle&#160;: tu peux retrouver plein d&#8217;autres grilles \u00e0 imprimer gratuitement sur diff\u00e9rents th\u00e8mes comme P\u00e2ques, Halloween ou les vacances.<\/p>\n<p><strong>N&#8217;oublie pas d&#8217;ajouter cette page \u00e0 tes favoris pour revenir plus tard&#160;!<\/strong><\/p>\n<p><a href=\"https:\/\/pour-enfants.fr\/charades\/mots-caches\/\">Voir toutes les grilles de mots cach\u00e9s<\/a><\/p>\n<p>Mots cach\u00e9s, mots m\u00eal\u00e9s ou mots m\u00e9lang\u00e9s, cela veut dire la m\u00eame chose. On peut dire \u00e9galement mots myst\u00e8res.<\/p>\n<p><a href=\"https:\/\/www.pour-enfants.fr\/jeux-vacances\/mots-meles\/imprimer-mots-meles-francophonie.htm\" target=\"_blank\" rel=\"noopener\">Mots cach\u00e9s sur la francophonie<\/a><\/p>\n<\/section>\n","protected":false},"excerpt":{"rendered":"<p>Mots cach\u00e9s sur les fleurs Plonge dans le monde des fleurs avec nos grilles de mots cach\u00e9s \u00e0 imprimer sp\u00e9cialement con\u00e7ues pour les enfants. Amuse-toi \u00e0 retrouver tous les noms de fleurs cach\u00e9s dans la grille, et am\u00e9liore ton vocabulaire de fa\u00e7on ludique. Tu peux imprimer ces jeux gratuitement et les utiliser \u00e0 la maison &hellip; <a href=\"https:\/\/pour-enfants.fr\/charades\/mots-caches\/fleurs\/\" class=\"more-link\">Continuer la lecture de <span class=\"screen-reader-text\">Mots cach\u00e9s fleurs \u00e0 imprimer &#8211; Jeux gratuits pour enfants.<\/span><\/a><\/p>\n","protected":false},"author":1,"featured_media":3579,"parent":3499,"menu_order":2,"comment_status":"closed","ping_status":"closed","template":"","meta":[],"yoast_head":"<!-- This site is optimized with the Yoast SEO plugin v17.9 - https:\/\/yoast.com\/wordpress\/plugins\/seo\/ -->\n<title>Mots cach\u00e9s fleurs \u00e0 imprimer \u2013 Jeux gratuits pour enfants.<\/title>\n<meta name=\"description\" content=\"Grilles de mots cach\u00e9s sur les fleurs \u00e0 imprimer pour enfants. Activit\u00e9s ludiques et \u00e9ducatives, id\u00e9ales pour le CP et le CE1.\" \/>\n<meta name=\"robots\" content=\"index, follow, max-snippet:-1, max-image-preview:large, max-video-preview:-1\" \/>\n<link rel=\"canonical\" href=\"https:\/\/pour-enfants.fr\/charades\/mots-caches\/fleurs\/\" \/>\n<meta property=\"og:locale\" content=\"fr_FR\" \/>\n<meta property=\"og:type\" content=\"article\" \/>\n<meta property=\"og:title\" content=\"Mots cach\u00e9s fleurs \u00e0 imprimer \u2013 Jeux gratuits pour enfants.\" \/>\n<meta property=\"og:description\" content=\"Grilles de mots cach\u00e9s sur les fleurs \u00e0 imprimer pour enfants. Activit\u00e9s ludiques et \u00e9ducatives, id\u00e9ales pour le CP et le CE1.\" \/>\n<meta property=\"og:url\" content=\"https:\/\/pour-enfants.fr\/charades\/mots-caches\/fleurs\/\" \/>\n<meta property=\"og:site_name\" content=\"Charades, mots cach\u00e9s, jeux, devinettes, pour enfants.\" \/>\n<meta property=\"article:modified_time\" content=\"2025-06-21T07:27:59+00:00\" \/>\n<meta property=\"og:image\" content=\"https:\/\/pour-enfants.fr\/charades\/wp-content\/uploads\/2025\/06\/mots-caches-fleurs-e1750490869520.png\" \/>\n\t<meta property=\"og:image:width\" content=\"300\" \/>\n\t<meta property=\"og:image:height\" content=\"271\" \/>\n\t<meta property=\"og:image:type\" content=\"image\/png\" \/>\n<meta name=\"twitter:card\" content=\"summary\" \/>\n<meta name=\"twitter:label1\" content=\"Dur\u00e9e de lecture estim\u00e9e\" \/>\n\t<meta name=\"twitter:data1\" content=\"2 minutes\" \/>\n<script type=\"application\/ld+json\" class=\"yoast-schema-graph\">{\"@context\":\"https:\/\/schema.org\",\"@graph\":[{\"@type\":\"WebSite\",\"@id\":\"https:\/\/pour-enfants.fr\/charades\/#website\",\"url\":\"https:\/\/pour-enfants.fr\/charades\/\",\"name\":\"Charades, mots cach\\u00e9s, jeux, devinettes, pour enfants.\",\"description\":\"Activit\\u00e9s \\u00e0 imprimer pour enfants. Maternelle et \\u00e9l\\u00e9mentaire. Cp ce1 ce2 cm1 cm2. Avec l&#039;id\\u00e9e d&#039;apprendre.\",\"potentialAction\":[{\"@type\":\"SearchAction\",\"target\":{\"@type\":\"EntryPoint\",\"urlTemplate\":\"https:\/\/pour-enfants.fr\/charades\/?s={search_term_string}\"},\"query-input\":\"required name=search_term_string\"}],\"inLanguage\":\"fr-FR\"},{\"@type\":\"ImageObject\",\"@id\":\"https:\/\/pour-enfants.fr\/charades\/mots-caches\/fleurs\/#primaryimage\",\"inLanguage\":\"fr-FR\",\"url\":\"https:\/\/pour-enfants.fr\/charades\/wp-content\/uploads\/2025\/06\/mots-caches-fleurs-e1750490869520.png\",\"contentUrl\":\"https:\/\/pour-enfants.fr\/charades\/wp-content\/uploads\/2025\/06\/mots-caches-fleurs-e1750490869520.png\",\"width\":300,\"height\":271,\"caption\":\"Mots cach\\u00e9s fleurs\"},{\"@type\":\"WebPage\",\"@id\":\"https:\/\/pour-enfants.fr\/charades\/mots-caches\/fleurs\/#webpage\",\"url\":\"https:\/\/pour-enfants.fr\/charades\/mots-caches\/fleurs\/\",\"name\":\"Mots cach\\u00e9s fleurs \\u00e0 imprimer \\u2013 Jeux gratuits pour enfants.\",\"isPartOf\":{\"@id\":\"https:\/\/pour-enfants.fr\/charades\/#website\"},\"primaryImageOfPage\":{\"@id\":\"https:\/\/pour-enfants.fr\/charades\/mots-caches\/fleurs\/#primaryimage\"},\"datePublished\":\"2025-06-18T13:55:55+00:00\",\"dateModified\":\"2025-06-21T07:27:59+00:00\",\"description\":\"Grilles de mots cach\\u00e9s sur les fleurs \\u00e0 imprimer pour enfants. Activit\\u00e9s ludiques et \\u00e9ducatives, id\\u00e9ales pour le CP et le CE1.\",\"breadcrumb\":{\"@id\":\"https:\/\/pour-enfants.fr\/charades\/mots-caches\/fleurs\/#breadcrumb\"},\"inLanguage\":\"fr-FR\",\"potentialAction\":[{\"@type\":\"ReadAction\",\"target\":[\"https:\/\/pour-enfants.fr\/charades\/mots-caches\/fleurs\/\"]}]},{\"@type\":\"BreadcrumbList\",\"@id\":\"https:\/\/pour-enfants.fr\/charades\/mots-caches\/fleurs\/#breadcrumb\",\"itemListElement\":[{\"@type\":\"ListItem\",\"position\":1,\"name\":\"Accueil\",\"item\":\"https:\/\/pour-enfants.fr\/charades\/\"},{\"@type\":\"ListItem\",\"position\":2,\"name\":\"Mots cach\\u00e9s\",\"item\":\"https:\/\/pour-enfants.fr\/charades\/mots-caches\/\"},{\"@type\":\"ListItem\",\"position\":3,\"name\":\"Mots cach\\u00e9s fleurs \\u00e0 imprimer &#8211; Jeux gratuits pour enfants.\"}]}]}<\/script>\n<!-- \/ Yoast SEO plugin. -->","yoast_head_json":{"title":"Mots cach\u00e9s fleurs \u00e0 imprimer \u2013 Jeux gratuits pour enfants.","description":"Grilles de mots cach\u00e9s sur les fleurs \u00e0 imprimer pour enfants. Activit\u00e9s ludiques et \u00e9ducatives, id\u00e9ales pour le CP et le CE1.","robots":{"index":"index","follow":"follow","max-snippet":"max-snippet:-1","max-image-preview":"max-image-preview:large","max-video-preview":"max-video-preview:-1"},"canonical":"https:\/\/pour-enfants.fr\/charades\/mots-caches\/fleurs\/","og_locale":"fr_FR","og_type":"article","og_title":"Mots cach\u00e9s fleurs \u00e0 imprimer \u2013 Jeux gratuits pour enfants.","og_description":"Grilles de mots cach\u00e9s sur les fleurs \u00e0 imprimer pour enfants. Activit\u00e9s ludiques et \u00e9ducatives, id\u00e9ales pour le CP et le CE1.","og_url":"https:\/\/pour-enfants.fr\/charades\/mots-caches\/fleurs\/","og_site_name":"Charades, mots cach\u00e9s, jeux, devinettes, pour enfants.","article_modified_time":"2025-06-21T07:27:59+00:00","og_image":[{"width":300,"height":271,"url":"https:\/\/pour-enfants.fr\/charades\/wp-content\/uploads\/2025\/06\/mots-caches-fleurs-e1750490869520.png","type":"image\/png"}],"twitter_card":"summary","twitter_misc":{"Dur\u00e9e de lecture estim\u00e9e":"2 minutes"},"schema":{"@context":"https:\/\/schema.org","@graph":[{"@type":"WebSite","@id":"https:\/\/pour-enfants.fr\/charades\/#website","url":"https:\/\/pour-enfants.fr\/charades\/","name":"Charades, mots cach\u00e9s, jeux, devinettes, pour enfants.","description":"Activit\u00e9s \u00e0 imprimer pour enfants. Maternelle et \u00e9l\u00e9mentaire. Cp ce1 ce2 cm1 cm2. Avec l&#039;id\u00e9e d&#039;apprendre.","potentialAction":[{"@type":"SearchAction","target":{"@type":"EntryPoint","urlTemplate":"https:\/\/pour-enfants.fr\/charades\/?s={search_term_string}"},"query-input":"required name=search_term_string"}],"inLanguage":"fr-FR"},{"@type":"ImageObject","@id":"https:\/\/pour-enfants.fr\/charades\/mots-caches\/fleurs\/#primaryimage","inLanguage":"fr-FR","url":"https:\/\/pour-enfants.fr\/charades\/wp-content\/uploads\/2025\/06\/mots-caches-fleurs-e1750490869520.png","contentUrl":"https:\/\/pour-enfants.fr\/charades\/wp-content\/uploads\/2025\/06\/mots-caches-fleurs-e1750490869520.png","width":300,"height":271,"caption":"Mots cach\u00e9s fleurs"},{"@type":"WebPage","@id":"https:\/\/pour-enfants.fr\/charades\/mots-caches\/fleurs\/#webpage","url":"https:\/\/pour-enfants.fr\/charades\/mots-caches\/fleurs\/","name":"Mots cach\u00e9s fleurs \u00e0 imprimer \u2013 Jeux gratuits pour enfants.","isPartOf":{"@id":"https:\/\/pour-enfants.fr\/charades\/#website"},"primaryImageOfPage":{"@id":"https:\/\/pour-enfants.fr\/charades\/mots-caches\/fleurs\/#primaryimage"},"datePublished":"2025-06-18T13:55:55+00:00","dateModified":"2025-06-21T07:27:59+00:00","description":"Grilles de mots cach\u00e9s sur les fleurs \u00e0 imprimer pour enfants. Activit\u00e9s ludiques et \u00e9ducatives, id\u00e9ales pour le CP et le CE1.","breadcrumb":{"@id":"https:\/\/pour-enfants.fr\/charades\/mots-caches\/fleurs\/#breadcrumb"},"inLanguage":"fr-FR","potentialAction":[{"@type":"ReadAction","target":["https:\/\/pour-enfants.fr\/charades\/mots-caches\/fleurs\/"]}]},{"@type":"BreadcrumbList","@id":"https:\/\/pour-enfants.fr\/charades\/mots-caches\/fleurs\/#breadcrumb","itemListElement":[{"@type":"ListItem","position":1,"name":"Accueil","item":"https:\/\/pour-enfants.fr\/charades\/"},{"@type":"ListItem","position":2,"name":"Mots cach\u00e9s","item":"https:\/\/pour-enfants.fr\/charades\/mots-caches\/"},{"@type":"ListItem","position":3,"name":"Mots cach\u00e9s fleurs \u00e0 imprimer &#8211; Jeux gratuits pour enfants."}]}]}},"_links":{"self":[{"href":"https:\/\/pour-enfants.fr\/charades\/wp-json\/wp\/v2\/pages\/3502"}],"collection":[{"href":"https:\/\/pour-enfants.fr\/charades\/wp-json\/wp\/v2\/pages"}],"about":[{"href":"https:\/\/pour-enfants.fr\/charades\/wp-json\/wp\/v2\/types\/page"}],"author":[{"embeddable":true,"href":"https:\/\/pour-enfants.fr\/charades\/wp-json\/wp\/v2\/users\/1"}],"replies":[{"embeddable":true,"href":"https:\/\/pour-enfants.fr\/charades\/wp-json\/wp\/v2\/comments?post=3502"}],"version-history":[{"count":8,"href":"https:\/\/pour-enfants.fr\/charades\/wp-json\/wp\/v2\/pages\/3502\/revisions"}],"predecessor-version":[{"id":3513,"href":"https:\/\/pour-enfants.fr\/charades\/wp-json\/wp\/v2\/pages\/3502\/revisions\/3513"}],"up":[{"embeddable":true,"href":"https:\/\/pour-enfants.fr\/charades\/wp-json\/wp\/v2\/pages\/3499"}],"wp:featuredmedia":[{"embeddable":true,"href":"https:\/\/pour-enfants.fr\/charades\/wp-json\/wp\/v2\/media\/3579"}],"wp:attachment":[{"href":"https:\/\/pour-enfants.fr\/charades\/wp-json\/wp\/v2\/media?parent=3502"}],"curies":[{"name":"wp","href":"https:\/\/api.w.org\/{rel}","templated":true}]}}