{"id":3595,"date":"2025-06-22T06:31:13","date_gmt":"2025-06-22T04:31:13","guid":{"rendered":"https:\/\/pour-enfants.fr\/charades\/?page_id=3595"},"modified":"2025-06-22T06:49:26","modified_gmt":"2025-06-22T04:49:26","slug":"mots-caches-animaux","status":"publish","type":"page","link":"https:\/\/pour-enfants.fr\/charades\/mots-caches\/animaux\/","title":{"rendered":"Mots cach\u00e9s sur les animaux \u00e0 imprimer. Pour enfants."},"content":{"rendered":"<h2>Mots cach\u00e9s animaux enfants<\/h2>\n<p><strong>Bienvenue dans notre collection de mots cach\u00e9s sur le th\u00e8me des animaux&#160;!<\/strong><\/p>\n<p>Ces jeux \u00e9ducatifs \u00e0 imprimer sont con\u00e7us pour aider les enfants \u00e0 enrichir leur vocabulaire tout en s\u2019amusant. Chaque grille contient des noms d\u2019animaux \u00e0 retrouver dans une grille de lettres&#160;: animaux de la ferme, de la mer ou domestiques.<\/p>\n<p>Ces activit\u00e9s sont id\u00e9ales pour les enfants des classes de CP CE1 CE2 (niveaux en France), \u00e0 utiliser \u00e0 la maison, \u00e0 l\u2019\u00e9cole ou en centre de loisirs. Tu trouveras ici plusieurs grilles \u00e0 t\u00e9l\u00e9charger ou \u00e0 imprimer, accompagn\u00e9es de leurs solutions.<\/p>\n<p><strong>Clique sur une grille pour la d\u00e9couvrir et jouer&#160;!<\/strong><\/p>\n<h2>Grille de mots cach\u00e9s&#160;: les animaux de la ferme<\/h2>\n<figure id=\"attachment_3588\" aria-describedby=\"caption-attachment-3588\" style=\"width: 347px\" class=\"wp-caption aligncenter\"><a href=\"https:\/\/pour-enfants.fr\/charades\/wp-content\/uploads\/2025\/06\/mots-caches-ferme.png\"><img loading=\"lazy\" class=\" wp-image-3588\" src=\"https:\/\/pour-enfants.fr\/charades\/wp-content\/uploads\/2025\/06\/mots-caches-ferme.png\" alt=\"Mots cach\u00e9s animaux de la ferme \u00e0 imprimer\" width=\"347\" height=\"491\" srcset=\"https:\/\/pour-enfants.fr\/charades\/wp-content\/uploads\/2025\/06\/mots-caches-ferme.png 1200w, https:\/\/pour-enfants.fr\/charades\/wp-content\/uploads\/2025\/06\/mots-caches-ferme-212x300.png 212w, https:\/\/pour-enfants.fr\/charades\/wp-content\/uploads\/2025\/06\/mots-caches-ferme-700x991.png 700w, https:\/\/pour-enfants.fr\/charades\/wp-content\/uploads\/2025\/06\/mots-caches-ferme-768x1087.png 768w, https:\/\/pour-enfants.fr\/charades\/wp-content\/uploads\/2025\/06\/mots-caches-ferme-1086x1536.png 1086w\" sizes=\"(max-width: 347px) 100vw, 347px\" \/><\/a><figcaption id=\"caption-attachment-3588\" class=\"wp-caption-text\">Mots cach\u00e9s animaux de la ferme. Jeu de vocabulaire enfants. CP CE1.<\/figcaption><\/figure>\n<p>Dans les fermes de notre enfance et de nos r\u00eaves il y a des poules, des poussins, des coqs, des canards, des vaches, des veaux,\u00a0 des moutons, des ch\u00e8vres et des lapin. Tu vas maintenant pouvoir trouver ces mots dans la grille \u00e0 imprimer ci-dessus, ainsi que la solution. C&#8217;est gratuit&#160;!<\/p>\n<p><strong>Solution \u00e0 imprimer<\/strong><\/p>\n<figure id=\"attachment_3589\" aria-describedby=\"caption-attachment-3589\" style=\"width: 212px\" class=\"wp-caption aligncenter\"><a href=\"https:\/\/pour-enfants.fr\/charades\/wp-content\/uploads\/2025\/06\/mots-caches-ferme-solution.png\"><img loading=\"lazy\" class=\"size-medium wp-image-3589\" src=\"https:\/\/pour-enfants.fr\/charades\/wp-content\/uploads\/2025\/06\/mots-caches-ferme-solution-212x300.png\" alt=\"Mots cach\u00e9s sur le vocabulaire de la ferme \u00e0 imprimer. Solution.\" width=\"212\" height=\"300\" srcset=\"https:\/\/pour-enfants.fr\/charades\/wp-content\/uploads\/2025\/06\/mots-caches-ferme-solution-212x300.png 212w, https:\/\/pour-enfants.fr\/charades\/wp-content\/uploads\/2025\/06\/mots-caches-ferme-solution-700x991.png 700w, https:\/\/pour-enfants.fr\/charades\/wp-content\/uploads\/2025\/06\/mots-caches-ferme-solution-768x1087.png 768w, https:\/\/pour-enfants.fr\/charades\/wp-content\/uploads\/2025\/06\/mots-caches-ferme-solution-1086x1536.png 1086w, https:\/\/pour-enfants.fr\/charades\/wp-content\/uploads\/2025\/06\/mots-caches-ferme-solution.png 1200w\" sizes=\"(max-width: 212px) 100vw, 212px\" \/><\/a><figcaption id=\"caption-attachment-3589\" class=\"wp-caption-text\">Mots cach\u00e9s animaux de la ferme. Jeu de vocabulaire enfants. Solution.<\/figcaption><\/figure>\n<h2>Une autre grille, sur le lapin cette fois<\/h2>\n<figure id=\"attachment_3590\" aria-describedby=\"caption-attachment-3590\" style=\"width: 350px\" class=\"wp-caption aligncenter\"><a href=\"https:\/\/pour-enfants.fr\/charades\/wp-content\/uploads\/2025\/06\/mots-caches-lapin.png\"><img loading=\"lazy\" class=\" wp-image-3590\" src=\"https:\/\/pour-enfants.fr\/charades\/wp-content\/uploads\/2025\/06\/mots-caches-lapin.png\" alt=\"Mots cach\u00e9s lapin \u00e0 imprimer\" width=\"350\" height=\"515\" \/><\/a><figcaption id=\"caption-attachment-3590\" class=\"wp-caption-text\">Mots cach\u00e9s lapin. Grille de mots \u00e0 trouver. Vocabulaire enfants.<\/figcaption><\/figure>\n<p>Le lapin est un animal populaire chez les enfants. Je pense particuli\u00e8rement \u00e0 Miffy, cr\u00e9\u00e9 par Dick Bruna.<\/p>\n<p><strong>Solution de la grille sur le lapin<\/strong><\/p>\n<figure id=\"attachment_3591\" aria-describedby=\"caption-attachment-3591\" style=\"width: 212px\" class=\"wp-caption aligncenter\"><a href=\"https:\/\/pour-enfants.fr\/charades\/wp-content\/uploads\/2025\/06\/mots-caches-lapin-solution.png\"><img loading=\"lazy\" class=\"size-medium wp-image-3591\" src=\"https:\/\/pour-enfants.fr\/charades\/wp-content\/uploads\/2025\/06\/mots-caches-lapin-solution-212x300.png\" alt=\"Mots cach\u00e9s lapin \u00e0 imprimer. Solution.\" width=\"212\" height=\"300\" srcset=\"https:\/\/pour-enfants.fr\/charades\/wp-content\/uploads\/2025\/06\/mots-caches-lapin-solution-212x300.png 212w, https:\/\/pour-enfants.fr\/charades\/wp-content\/uploads\/2025\/06\/mots-caches-lapin-solution-700x991.png 700w, https:\/\/pour-enfants.fr\/charades\/wp-content\/uploads\/2025\/06\/mots-caches-lapin-solution-768x1087.png 768w, https:\/\/pour-enfants.fr\/charades\/wp-content\/uploads\/2025\/06\/mots-caches-lapin-solution-1086x1536.png 1086w, https:\/\/pour-enfants.fr\/charades\/wp-content\/uploads\/2025\/06\/mots-caches-lapin-solution.png 1200w\" sizes=\"(max-width: 212px) 100vw, 212px\" \/><\/a><figcaption id=\"caption-attachment-3591\" class=\"wp-caption-text\">Mots cach\u00e9s lapin. Grille de mots \u00e0 trouver. Vocabulaire enfants. Solution.<\/figcaption><\/figure>\n<h2>Mots cach\u00e9s animaux enfants&#160;: le vocabulaire de l&#8217;abeille<\/h2>\n<figure id=\"attachment_2118\" aria-describedby=\"caption-attachment-2118\" style=\"width: 349px\" class=\"wp-caption aligncenter\"><a href=\"https:\/\/pour-enfants.fr\/charades\/wp-content\/uploads\/2021\/01\/mots-meles-abeilles.png\"><img loading=\"lazy\" class=\" wp-image-2118\" src=\"https:\/\/pour-enfants.fr\/charades\/wp-content\/uploads\/2021\/01\/mots-meles-abeilles.png\" alt=\"Mots m\u00eal\u00e9s, cach\u00e9s, ou m\u00e9lang\u00e9s, pour enfants, \u00e0 imprimer. L'abeille.\" width=\"349\" height=\"699\" \/><\/a><figcaption id=\"caption-attachment-2118\" class=\"wp-caption-text\">Mots cach\u00e9s, m\u00eal\u00e9s ou m\u00e9lang\u00e9s. Th\u00e8me&#160;: les abeilles.\u00a0 Pour enfants. Grille de 7 mots cach\u00e9s. Contient les lettres accentu\u00e9es.<\/figcaption><\/figure>\n<p>Le monde des abeilles est fascinant pour les enfants. La plus c\u00e9l\u00e8bre abeille imaginaire est sans doute Maya l&#8217;abeille. Il y a aussi <a href=\"https:\/\/www.youtube-nocookie.com\/embed\/vNbEAc5EvaM?playlist=vNbEAc5EvaM&amp;autoplay=1&amp;iv_load_policy=3&amp;loop=1&amp;start=\" target=\"_blank\" rel=\"noopener\">Mireille l&#8217;abeille<\/a>, une jolie petite histoire de Claude Marc \u00e0 \u00e9couter sur YouTube.<\/p>\n<p><strong>Solution de ce jeu de mots m\u00eal\u00e9s<\/strong><\/p>\n<figure id=\"attachment_2119\" aria-describedby=\"caption-attachment-2119\" style=\"width: 212px\" class=\"wp-caption aligncenter\"><a href=\"https:\/\/pour-enfants.fr\/charades\/wp-content\/uploads\/2021\/01\/mots-meles-abeilles-solution.jpg\"><img loading=\"lazy\" class=\"size-medium wp-image-2119\" src=\"https:\/\/pour-enfants.fr\/charades\/wp-content\/uploads\/2021\/01\/mots-meles-abeilles-solution-212x300.jpg\" alt=\"Mots cach\u00e9s pour enfants. L'abeille. Solution.\" width=\"212\" height=\"300\" srcset=\"https:\/\/pour-enfants.fr\/charades\/wp-content\/uploads\/2021\/01\/mots-meles-abeilles-solution-212x300.jpg 212w, https:\/\/pour-enfants.fr\/charades\/wp-content\/uploads\/2021\/01\/mots-meles-abeilles-solution.jpg 600w\" sizes=\"(max-width: 212px) 100vw, 212px\" \/><\/a><figcaption id=\"caption-attachment-2119\" class=\"wp-caption-text\">Mots m\u00eal\u00e9s, cach\u00e9s ou m\u00e9lang\u00e9s. Les abeilles. Solution \u00e0 imprimer. Pour enfants.<\/figcaption><\/figure>\n<p><strong>Les mots \u00e0 trouver&#160;:<\/strong> le miel, la ruche, la reine, le pollen, l&#8217;abeille, l&#8217;alv\u00e9ole, l&#8217;apiculteur.<\/p>\n<h2>Mots cach\u00e9s sur les animaux&#160;: le papillon<\/h2>\n<figure id=\"attachment_3592\" aria-describedby=\"caption-attachment-3592\" style=\"width: 349px\" class=\"wp-caption aligncenter\"><a href=\"https:\/\/pour-enfants.fr\/charades\/wp-content\/uploads\/2025\/06\/mots-caches-papillon.png\"><img loading=\"lazy\" class=\" wp-image-3592\" src=\"https:\/\/pour-enfants.fr\/charades\/wp-content\/uploads\/2025\/06\/mots-caches-papillon.png\" alt=\"Mots cach\u00e9s papillon \u00e0 imprimer\" width=\"349\" height=\"767\" \/><\/a><figcaption id=\"caption-attachment-3592\" class=\"wp-caption-text\">Mots cach\u00e9s papillon. Grille de mots \u00e0 trouver. Vocabulaire enfants..<\/figcaption><\/figure>\n<p><strong>Solution de la fiche \u00e0 imprimer sur le papillon<\/strong><\/p>\n<figure id=\"attachment_3593\" aria-describedby=\"caption-attachment-3593\" style=\"width: 212px\" class=\"wp-caption aligncenter\"><a href=\"https:\/\/pour-enfants.fr\/charades\/wp-content\/uploads\/2025\/06\/mots-caches-papillon-solution.png\"><img loading=\"lazy\" class=\"size-medium wp-image-3593\" src=\"https:\/\/pour-enfants.fr\/charades\/wp-content\/uploads\/2025\/06\/mots-caches-papillon-solution-212x300.png\" alt=\"Mots cach\u00e9s papillon. Solution.\" width=\"212\" height=\"300\" srcset=\"https:\/\/pour-enfants.fr\/charades\/wp-content\/uploads\/2025\/06\/mots-caches-papillon-solution-212x300.png 212w, https:\/\/pour-enfants.fr\/charades\/wp-content\/uploads\/2025\/06\/mots-caches-papillon-solution.png 600w\" sizes=\"(max-width: 212px) 100vw, 212px\" \/><\/a><figcaption id=\"caption-attachment-3593\" class=\"wp-caption-text\">Mots cach\u00e9s papillon. Solution.<\/figcaption><\/figure>\n<h3>Pour finir en beaut\u00e9, voici une liste de liens que tu vas certainement aimer<\/h3>\n<p>Tu trouveras ci-dessous de nombreux mots cach\u00e9s, m\u00eal\u00e9s ou m\u00e9lang\u00e9s \u00e0 imprimer. On peut dire \u00e9galement mots myst\u00e8res. Ainsi que des devinettes.<\/p>\n<ul>\n<li><a href=\"https:\/\/pour-enfants.fr\/charades\/mots-caches\/fleurs\/\">Mots cach\u00e9s sur les fleurs<\/a><\/li>\n<li><a href=\"https:\/\/pour-enfants.fr\/charades\/mots-caches\/vacances\/\">Mots cach\u00e9s sur les vacances<\/a><\/li>\n<li><a href=\"https:\/\/www.pour-enfants.fr\/jeux-vacances\/mots-meles\/mots-meles-vacances-2.htm\" target=\"_blank\" rel=\"noopener\">Mots m\u00eal\u00e9s sur les animaux qui vivent en mer<\/a><\/li>\n<li style=\"list-style-type: none;\"><\/li>\n<li><a href=\"https:\/\/www.pour-enfants.fr\/jeux-a-imprimer\/mots\/meles\/meles-animaux.pdf\" target=\"_blank\" rel=\"noopener\">Mots cach\u00e9s sur les animaux sauvages PDF<\/a> Lien direct sur un PDF avec des noms d&#8217;animaux qui vivent dans la nature<\/li>\n<li><a href=\"https:\/\/pour-enfants.fr\/charades\/du-passe\/tag\/devinette-animaux\/\">Devinettes sur les animaux<\/a><\/li>\n<\/ul>\n<p>Amuse toi bien&#160;! Et pense bien \u00e0 mettre cette page dans tes favoris.<\/p>\n","protected":false},"excerpt":{"rendered":"<p>Mots cach\u00e9s animaux enfants Bienvenue dans notre collection de mots cach\u00e9s sur le th\u00e8me des animaux&#160;! Ces jeux \u00e9ducatifs \u00e0 imprimer sont con\u00e7us pour aider les enfants \u00e0 enrichir leur vocabulaire tout en s\u2019amusant. Chaque grille contient des noms d\u2019animaux \u00e0 retrouver dans une grille de lettres&#160;: animaux de la ferme, de la mer ou &hellip; <a href=\"https:\/\/pour-enfants.fr\/charades\/mots-caches\/animaux\/\" class=\"more-link\">Continuer la lecture de <span class=\"screen-reader-text\">Mots cach\u00e9s sur les animaux \u00e0 imprimer. Pour enfants.<\/span><\/a><\/p>\n","protected":false},"author":1,"featured_media":3594,"parent":3499,"menu_order":1,"comment_status":"closed","ping_status":"closed","template":"","meta":[],"yoast_head":"<!-- This site is optimized with the Yoast SEO plugin v17.9 - https:\/\/yoast.com\/wordpress\/plugins\/seo\/ -->\n<title>Mots cach\u00e9s sur les animaux \u00e0 imprimer \u2013 Jeux pour enfants<\/title>\n<meta name=\"description\" content=\"Grilles de mots cach\u00e9s \u00e0 imprimer sur les animaux pour enfants. Jeux gratuits avec solutions : ferme, abeille, lapin, animaux domestiques.\" \/>\n<meta name=\"robots\" content=\"index, follow, max-snippet:-1, max-image-preview:large, max-video-preview:-1\" \/>\n<link rel=\"canonical\" href=\"https:\/\/pour-enfants.fr\/charades\/mots-caches\/animaux\/\" \/>\n<meta property=\"og:locale\" content=\"fr_FR\" \/>\n<meta property=\"og:type\" content=\"article\" \/>\n<meta property=\"og:title\" content=\"Mots cach\u00e9s sur les animaux \u00e0 imprimer \u2013 Jeux pour enfants\" \/>\n<meta property=\"og:description\" content=\"Grilles de mots cach\u00e9s \u00e0 imprimer sur les animaux pour enfants. Jeux gratuits avec solutions : ferme, abeille, lapin, animaux domestiques.\" \/>\n<meta property=\"og:url\" content=\"https:\/\/pour-enfants.fr\/charades\/mots-caches\/animaux\/\" \/>\n<meta property=\"og:site_name\" content=\"Charades, mots cach\u00e9s, jeux, devinettes, pour enfants.\" \/>\n<meta property=\"article:modified_time\" content=\"2025-06-22T04:49:26+00:00\" \/>\n<meta property=\"og:image\" content=\"https:\/\/pour-enfants.fr\/charades\/wp-content\/uploads\/2025\/06\/mots-caches-animaux-e1750560354251.png\" \/>\n\t<meta property=\"og:image:width\" content=\"500\" \/>\n\t<meta property=\"og:image:height\" content=\"363\" \/>\n\t<meta property=\"og:image:type\" content=\"image\/png\" \/>\n<meta name=\"twitter:card\" content=\"summary\" \/>\n<meta name=\"twitter:label1\" content=\"Dur\u00e9e de lecture estim\u00e9e\" \/>\n\t<meta name=\"twitter:data1\" content=\"5 minutes\" \/>\n<script type=\"application\/ld+json\" class=\"yoast-schema-graph\">{\"@context\":\"https:\/\/schema.org\",\"@graph\":[{\"@type\":\"WebSite\",\"@id\":\"https:\/\/pour-enfants.fr\/charades\/#website\",\"url\":\"https:\/\/pour-enfants.fr\/charades\/\",\"name\":\"Charades, mots cach\\u00e9s, jeux, devinettes, pour enfants.\",\"description\":\"Activit\\u00e9s \\u00e0 imprimer pour enfants. Maternelle et \\u00e9l\\u00e9mentaire. Cp ce1 ce2 cm1 cm2. Avec l&#039;id\\u00e9e d&#039;apprendre.\",\"potentialAction\":[{\"@type\":\"SearchAction\",\"target\":{\"@type\":\"EntryPoint\",\"urlTemplate\":\"https:\/\/pour-enfants.fr\/charades\/?s={search_term_string}\"},\"query-input\":\"required name=search_term_string\"}],\"inLanguage\":\"fr-FR\"},{\"@type\":\"ImageObject\",\"@id\":\"https:\/\/pour-enfants.fr\/charades\/mots-caches\/animaux\/#primaryimage\",\"inLanguage\":\"fr-FR\",\"url\":\"https:\/\/pour-enfants.fr\/charades\/wp-content\/uploads\/2025\/06\/mots-caches-animaux-e1750560354251.png\",\"contentUrl\":\"https:\/\/pour-enfants.fr\/charades\/wp-content\/uploads\/2025\/06\/mots-caches-animaux-e1750560354251.png\",\"width\":500,\"height\":363,\"caption\":\"Mots cach\\u00e9s animaux\"},{\"@type\":\"WebPage\",\"@id\":\"https:\/\/pour-enfants.fr\/charades\/mots-caches\/animaux\/#webpage\",\"url\":\"https:\/\/pour-enfants.fr\/charades\/mots-caches\/animaux\/\",\"name\":\"Mots cach\\u00e9s sur les animaux \\u00e0 imprimer \\u2013 Jeux pour enfants\",\"isPartOf\":{\"@id\":\"https:\/\/pour-enfants.fr\/charades\/#website\"},\"primaryImageOfPage\":{\"@id\":\"https:\/\/pour-enfants.fr\/charades\/mots-caches\/animaux\/#primaryimage\"},\"datePublished\":\"2025-06-22T04:31:13+00:00\",\"dateModified\":\"2025-06-22T04:49:26+00:00\",\"description\":\"Grilles de mots cach\\u00e9s \\u00e0 imprimer sur les animaux pour enfants. Jeux gratuits avec solutions : ferme, abeille, lapin, animaux domestiques.\",\"breadcrumb\":{\"@id\":\"https:\/\/pour-enfants.fr\/charades\/mots-caches\/animaux\/#breadcrumb\"},\"inLanguage\":\"fr-FR\",\"potentialAction\":[{\"@type\":\"ReadAction\",\"target\":[\"https:\/\/pour-enfants.fr\/charades\/mots-caches\/animaux\/\"]}]},{\"@type\":\"BreadcrumbList\",\"@id\":\"https:\/\/pour-enfants.fr\/charades\/mots-caches\/animaux\/#breadcrumb\",\"itemListElement\":[{\"@type\":\"ListItem\",\"position\":1,\"name\":\"Accueil\",\"item\":\"https:\/\/pour-enfants.fr\/charades\/\"},{\"@type\":\"ListItem\",\"position\":2,\"name\":\"Mots cach\\u00e9s\",\"item\":\"https:\/\/pour-enfants.fr\/charades\/mots-caches\/\"},{\"@type\":\"ListItem\",\"position\":3,\"name\":\"Mots cach\\u00e9s sur les animaux \\u00e0 imprimer. Pour enfants.\"}]}]}<\/script>\n<!-- \/ Yoast SEO plugin. -->","yoast_head_json":{"title":"Mots cach\u00e9s sur les animaux \u00e0 imprimer \u2013 Jeux pour enfants","description":"Grilles de mots cach\u00e9s \u00e0 imprimer sur les animaux pour enfants. Jeux gratuits avec solutions : ferme, abeille, lapin, animaux domestiques.","robots":{"index":"index","follow":"follow","max-snippet":"max-snippet:-1","max-image-preview":"max-image-preview:large","max-video-preview":"max-video-preview:-1"},"canonical":"https:\/\/pour-enfants.fr\/charades\/mots-caches\/animaux\/","og_locale":"fr_FR","og_type":"article","og_title":"Mots cach\u00e9s sur les animaux \u00e0 imprimer \u2013 Jeux pour enfants","og_description":"Grilles de mots cach\u00e9s \u00e0 imprimer sur les animaux pour enfants. Jeux gratuits avec solutions : ferme, abeille, lapin, animaux domestiques.","og_url":"https:\/\/pour-enfants.fr\/charades\/mots-caches\/animaux\/","og_site_name":"Charades, mots cach\u00e9s, jeux, devinettes, pour enfants.","article_modified_time":"2025-06-22T04:49:26+00:00","og_image":[{"width":500,"height":363,"url":"https:\/\/pour-enfants.fr\/charades\/wp-content\/uploads\/2025\/06\/mots-caches-animaux-e1750560354251.png","type":"image\/png"}],"twitter_card":"summary","twitter_misc":{"Dur\u00e9e de lecture estim\u00e9e":"5 minutes"},"schema":{"@context":"https:\/\/schema.org","@graph":[{"@type":"WebSite","@id":"https:\/\/pour-enfants.fr\/charades\/#website","url":"https:\/\/pour-enfants.fr\/charades\/","name":"Charades, mots cach\u00e9s, jeux, devinettes, pour enfants.","description":"Activit\u00e9s \u00e0 imprimer pour enfants. Maternelle et \u00e9l\u00e9mentaire. Cp ce1 ce2 cm1 cm2. Avec l&#039;id\u00e9e d&#039;apprendre.","potentialAction":[{"@type":"SearchAction","target":{"@type":"EntryPoint","urlTemplate":"https:\/\/pour-enfants.fr\/charades\/?s={search_term_string}"},"query-input":"required name=search_term_string"}],"inLanguage":"fr-FR"},{"@type":"ImageObject","@id":"https:\/\/pour-enfants.fr\/charades\/mots-caches\/animaux\/#primaryimage","inLanguage":"fr-FR","url":"https:\/\/pour-enfants.fr\/charades\/wp-content\/uploads\/2025\/06\/mots-caches-animaux-e1750560354251.png","contentUrl":"https:\/\/pour-enfants.fr\/charades\/wp-content\/uploads\/2025\/06\/mots-caches-animaux-e1750560354251.png","width":500,"height":363,"caption":"Mots cach\u00e9s animaux"},{"@type":"WebPage","@id":"https:\/\/pour-enfants.fr\/charades\/mots-caches\/animaux\/#webpage","url":"https:\/\/pour-enfants.fr\/charades\/mots-caches\/animaux\/","name":"Mots cach\u00e9s sur les animaux \u00e0 imprimer \u2013 Jeux pour enfants","isPartOf":{"@id":"https:\/\/pour-enfants.fr\/charades\/#website"},"primaryImageOfPage":{"@id":"https:\/\/pour-enfants.fr\/charades\/mots-caches\/animaux\/#primaryimage"},"datePublished":"2025-06-22T04:31:13+00:00","dateModified":"2025-06-22T04:49:26+00:00","description":"Grilles de mots cach\u00e9s \u00e0 imprimer sur les animaux pour enfants. Jeux gratuits avec solutions : ferme, abeille, lapin, animaux domestiques.","breadcrumb":{"@id":"https:\/\/pour-enfants.fr\/charades\/mots-caches\/animaux\/#breadcrumb"},"inLanguage":"fr-FR","potentialAction":[{"@type":"ReadAction","target":["https:\/\/pour-enfants.fr\/charades\/mots-caches\/animaux\/"]}]},{"@type":"BreadcrumbList","@id":"https:\/\/pour-enfants.fr\/charades\/mots-caches\/animaux\/#breadcrumb","itemListElement":[{"@type":"ListItem","position":1,"name":"Accueil","item":"https:\/\/pour-enfants.fr\/charades\/"},{"@type":"ListItem","position":2,"name":"Mots cach\u00e9s","item":"https:\/\/pour-enfants.fr\/charades\/mots-caches\/"},{"@type":"ListItem","position":3,"name":"Mots cach\u00e9s sur les animaux \u00e0 imprimer. Pour enfants."}]}]}},"_links":{"self":[{"href":"https:\/\/pour-enfants.fr\/charades\/wp-json\/wp\/v2\/pages\/3595"}],"collection":[{"href":"https:\/\/pour-enfants.fr\/charades\/wp-json\/wp\/v2\/pages"}],"about":[{"href":"https:\/\/pour-enfants.fr\/charades\/wp-json\/wp\/v2\/types\/page"}],"author":[{"embeddable":true,"href":"https:\/\/pour-enfants.fr\/charades\/wp-json\/wp\/v2\/users\/1"}],"replies":[{"embeddable":true,"href":"https:\/\/pour-enfants.fr\/charades\/wp-json\/wp\/v2\/comments?post=3595"}],"version-history":[{"count":19,"href":"https:\/\/pour-enfants.fr\/charades\/wp-json\/wp\/v2\/pages\/3595\/revisions"}],"predecessor-version":[{"id":3616,"href":"https:\/\/pour-enfants.fr\/charades\/wp-json\/wp\/v2\/pages\/3595\/revisions\/3616"}],"up":[{"embeddable":true,"href":"https:\/\/pour-enfants.fr\/charades\/wp-json\/wp\/v2\/pages\/3499"}],"wp:featuredmedia":[{"embeddable":true,"href":"https:\/\/pour-enfants.fr\/charades\/wp-json\/wp\/v2\/media\/3594"}],"wp:attachment":[{"href":"https:\/\/pour-enfants.fr\/charades\/wp-json\/wp\/v2\/media?parent=3595"}],"curies":[{"name":"wp","href":"https:\/\/api.w.org\/{rel}","templated":true}]}}