{"id":3652,"date":"2025-06-25T09:12:07","date_gmt":"2025-06-25T07:12:07","guid":{"rendered":"https:\/\/pour-enfants.fr\/charades\/?page_id=3652"},"modified":"2025-06-25T09:31:40","modified_gmt":"2025-06-25T07:31:40","slug":"mots-caches-ete-enfants-a-imprimer","status":"publish","type":"page","link":"https:\/\/pour-enfants.fr\/charades\/mots-caches\/ete\/","title":{"rendered":"Mots cach\u00e9s \u00e9t\u00e9 \u00e0 imprimer (avec solutions)"},"content":{"rendered":"<p>L\u2019\u00e9t\u00e9 \u00e9voque le soleil, la plage et les vacances. Mais selon les r\u00e9gions du monde, cette saison ne se vit pas de la m\u00eame fa\u00e7on&#160;: ailleurs qu&#8217;en France par exemple, elle peut \u00eatre marqu\u00e9e par la chaleur extr\u00eame, la mousson ou la fra\u00eecheur des montagnes. Ce jeu de <strong>mots cach\u00e9s \u00e9t\u00e9 \u00e0 imprimer<\/strong> permet aux enfants de d\u00e9couvrir le vocabulaire li\u00e9 \u00e0 l\u2019\u00e9t\u00e9 tout en s\u2019amusant.<\/p>\n<p>Cette activit\u00e9 d\u2019\u00e9t\u00e9 \u00e0 imprimer est id\u00e9ale pour des enfants \u00e0 partir de 6 ans. Elle peut \u00eatre utilis\u00e9e \u00e0 la maison ou en classe, notamment en cycle 2. Gr\u00e2ce \u00e0 cette grille \u00e0 imprimer en couleur ou noir et blanc, les enfants d\u00e9couvrent le vocabulaire estival tout en s\u2019amusant&#160;: soleil, plage, glaces, parasol, baignade\u2026<\/p>\n<p>Trois versions sont disponibles, avec ou sans solution.<\/p>\n<h2>Mots cach\u00e9s \u00e9t\u00e9 \u00e0 imprimer&#160;: 3 versions<\/h2>\n<ul>\n<li><strong>Version en couleur<\/strong> (sans solution)<\/li>\n<li><strong>Version en couleur avec solution<\/strong><\/li>\n<li><strong>Version en noir et blanc avec solution<\/strong> (parfaite pour le coloriage)<\/li>\n<\/ul>\n<h2>T\u00e9l\u00e9charger ou imprimer les jeux<\/h2>\n<p>Tu peux imprimer les images directement depuis cette page (clic droit &gt; Imprimer) ou les enregistrer (clic droit &gt; Enregistrer l\u2019image sous). Parfois il faut ouvrir le lien ou l&#8217;image dans un nouvel onglet avant d&#8217;imprimer.<\/p>\n<h3>Jeu en couleur (sans solution)<\/h3>\n<figure id=\"attachment_3648\" aria-describedby=\"caption-attachment-3648\" style=\"width: 400px\" class=\"wp-caption aligncenter\"><a href=\"https:\/\/pour-enfants.fr\/charades\/wp-content\/uploads\/2025\/06\/mots-caches-ete.png\"><img loading=\"lazy\" class=\" wp-image-3648\" src=\"https:\/\/pour-enfants.fr\/charades\/wp-content\/uploads\/2025\/06\/mots-caches-ete.png\" alt=\"Mots cach\u00e9s \u00e9t\u00e9 pour enfants \u00e0 imprimer\" width=\"400\" height=\"558\" \/><\/a><figcaption id=\"caption-attachment-3648\" class=\"wp-caption-text\">Mots cach\u00e9s \u00e9t\u00e9 pour enfants. 6 mots \u00e0 trouver&#160;: fruits, \u00e9t\u00e9, vacances, camping, piscine, plage. Convient du CP au CE2.<\/figcaption><\/figure>\n<h3>Jeu en couleur avec solution<\/h3>\n<figure id=\"attachment_3651\" aria-describedby=\"caption-attachment-3651\" style=\"width: 398px\" class=\"wp-caption aligncenter\"><a href=\"https:\/\/pour-enfants.fr\/charades\/wp-content\/uploads\/2025\/06\/mots-caches-ete-solution.png\"><img loading=\"lazy\" class=\" wp-image-3651\" src=\"https:\/\/pour-enfants.fr\/charades\/wp-content\/uploads\/2025\/06\/mots-caches-ete-solution.png\" alt=\"Mots cach\u00e9s \u00e9t\u00e9 pour enfants. Solution.\" width=\"398\" height=\"825\" \/><\/a><figcaption id=\"caption-attachment-3651\" class=\"wp-caption-text\">Mots cach\u00e9s \u00e9t\u00e9 pour enfants. Solution \u00e0 imprimer. 6 mots \u00e0 trouver&#160;: fruits, \u00e9t\u00e9, vacances, camping, piscine.<\/figcaption><\/figure>\n<h3>Jeu noir et blanc avec solution (\u00e0 colorier)<\/h3>\n<figure id=\"attachment_3650\" aria-describedby=\"caption-attachment-3650\" style=\"width: 400px\" class=\"wp-caption aligncenter\"><a href=\"https:\/\/pour-enfants.fr\/charades\/wp-content\/uploads\/2025\/06\/mots-caches-ete-imprimer.png\"><img loading=\"lazy\" class=\" wp-image-3650\" src=\"https:\/\/pour-enfants.fr\/charades\/wp-content\/uploads\/2025\/06\/mots-caches-ete-imprimer.png\" alt=\"Mots cach\u00e9s \u00e9t\u00e9 pour enfants \u00e0 imprimer et colorier\" width=\"400\" height=\"874\" \/><\/a><figcaption id=\"caption-attachment-3650\" class=\"wp-caption-text\">Mots cach\u00e9s \u00e9t\u00e9 pour enfants. 6 mots \u00e0 trouver&#160;: fruits, \u00e9t\u00e9, vacances, camping, piscine, plage. Classes de CP CE1 CE2. Version noir et blanc pour coloriage.<\/figcaption><\/figure>\n<h2>Pourquoi ce jeu pla\u00eet aux enfants<\/h2>\n<p>Les <strong>mots cach\u00e9s \u00e9t\u00e9 \u00e0 imprimer<\/strong> permettent aux enfants de s\u2019amuser tout en travaillant leur vocabulaire. Ce type de jeu stimule la concentration, la reconnaissance visuelle et la lecture. Et c\u2019est encore plus motivant lorsqu\u2019on parle de glaces, de baignades ou de vacances \u00e0 la plage&#160;!<\/p>\n<h2>D\u00e9couvre aussi les mots cach\u00e9s des autres saisons<\/h2>\n<ul>\n<li><a href=\"https:\/\/www.paques.pour-enfants.fr\/mots-caches\/mots-caches-4.htm\" target=\"_blank\" rel=\"noopener\">Mots cach\u00e9s sur le printemps<\/a><\/li>\n<li><a href=\"https:\/\/pour-enfants.fr\/charades\/grille-de-mots-meles-a-imprimer-hiver\/\">Mots cach\u00e9s sur l\u2019hiver<\/a><\/li>\n<li>Mots cach\u00e9s sur l\u2019automne (\u00e0 venir)<\/li>\n<\/ul>\n<h2>Retour \u00e0 tous les jeux de mots cach\u00e9s<\/h2>\n<p><a href=\"\/charades\/mots-caches\/\">Voir tous nos mots cach\u00e9s \u00e0 imprimer<\/a><\/p>\n<p>Et n&#8217;oublie pas ceci&#160;: mots cach\u00e9s, mots m\u00eal\u00e9s ou mots m\u00e9lang\u00e9s, c&#8217;est la m\u00eame chose. On parle m\u00eame parfois de mots myst\u00e8res.<\/p>\n","protected":false},"excerpt":{"rendered":"<p>L\u2019\u00e9t\u00e9 \u00e9voque le soleil, la plage et les vacances. Mais selon les r\u00e9gions du monde, cette saison ne se vit pas de la m\u00eame fa\u00e7on&#160;: ailleurs qu&#8217;en France par exemple, elle peut \u00eatre marqu\u00e9e par la chaleur extr\u00eame, la mousson ou la fra\u00eecheur des montagnes. Ce jeu de mots cach\u00e9s \u00e9t\u00e9 \u00e0 imprimer permet aux &hellip; <a href=\"https:\/\/pour-enfants.fr\/charades\/mots-caches\/ete\/\" class=\"more-link\">Continuer la lecture de <span class=\"screen-reader-text\">Mots cach\u00e9s \u00e9t\u00e9 \u00e0 imprimer (avec solutions)<\/span><\/a><\/p>\n","protected":false},"author":1,"featured_media":3649,"parent":3499,"menu_order":0,"comment_status":"closed","ping_status":"closed","template":"","meta":[],"yoast_head":"<!-- This site is optimized with the Yoast SEO plugin v17.9 - https:\/\/yoast.com\/wordpress\/plugins\/seo\/ -->\n<title>Mots cach\u00e9s \u00e9t\u00e9 \u00e0 imprimer \u2013 Jeu gratuit avec solution<\/title>\n<meta name=\"description\" content=\"Mots cach\u00e9s \u00e9t\u00e9 \u00e0 imprimer pour enfants. Trois versions gratuites \u00e0 t\u00e9l\u00e9charger : couleur, noir et blanc, avec ou sans solution.\" \/>\n<meta name=\"robots\" content=\"index, follow, max-snippet:-1, max-image-preview:large, max-video-preview:-1\" \/>\n<link rel=\"canonical\" href=\"https:\/\/pour-enfants.fr\/charades\/mots-caches\/ete\/\" \/>\n<meta property=\"og:locale\" content=\"fr_FR\" \/>\n<meta property=\"og:type\" content=\"article\" \/>\n<meta property=\"og:title\" content=\"Mots cach\u00e9s \u00e9t\u00e9 \u00e0 imprimer \u2013 Jeu gratuit avec solution\" \/>\n<meta property=\"og:description\" content=\"Mots cach\u00e9s \u00e9t\u00e9 \u00e0 imprimer pour enfants. Trois versions gratuites \u00e0 t\u00e9l\u00e9charger : couleur, noir et blanc, avec ou sans solution.\" \/>\n<meta property=\"og:url\" content=\"https:\/\/pour-enfants.fr\/charades\/mots-caches\/ete\/\" \/>\n<meta property=\"og:site_name\" content=\"Charades, mots cach\u00e9s, jeux, devinettes, pour enfants.\" \/>\n<meta property=\"article:modified_time\" content=\"2025-06-25T07:31:40+00:00\" \/>\n<meta property=\"og:image\" content=\"https:\/\/pour-enfants.fr\/charades\/wp-content\/uploads\/2025\/06\/mots-caches-ete-enfants.png\" \/>\n\t<meta property=\"og:image:width\" content=\"600\" \/>\n\t<meta property=\"og:image:height\" content=\"600\" \/>\n\t<meta property=\"og:image:type\" content=\"image\/png\" \/>\n<meta name=\"twitter:card\" content=\"summary\" \/>\n<meta name=\"twitter:label1\" content=\"Dur\u00e9e de lecture estim\u00e9e\" \/>\n\t<meta name=\"twitter:data1\" content=\"3 minutes\" \/>\n<script type=\"application\/ld+json\" class=\"yoast-schema-graph\">{\"@context\":\"https:\/\/schema.org\",\"@graph\":[{\"@type\":\"WebSite\",\"@id\":\"https:\/\/pour-enfants.fr\/charades\/#website\",\"url\":\"https:\/\/pour-enfants.fr\/charades\/\",\"name\":\"Charades, mots cach\\u00e9s, jeux, devinettes, pour enfants.\",\"description\":\"Activit\\u00e9s \\u00e0 imprimer pour enfants. Maternelle et \\u00e9l\\u00e9mentaire. Cp ce1 ce2 cm1 cm2. Avec l&#039;id\\u00e9e d&#039;apprendre.\",\"potentialAction\":[{\"@type\":\"SearchAction\",\"target\":{\"@type\":\"EntryPoint\",\"urlTemplate\":\"https:\/\/pour-enfants.fr\/charades\/?s={search_term_string}\"},\"query-input\":\"required name=search_term_string\"}],\"inLanguage\":\"fr-FR\"},{\"@type\":\"ImageObject\",\"@id\":\"https:\/\/pour-enfants.fr\/charades\/mots-caches\/ete\/#primaryimage\",\"inLanguage\":\"fr-FR\",\"url\":\"https:\/\/pour-enfants.fr\/charades\/wp-content\/uploads\/2025\/06\/mots-caches-ete-enfants.png\",\"contentUrl\":\"https:\/\/pour-enfants.fr\/charades\/wp-content\/uploads\/2025\/06\/mots-caches-ete-enfants.png\",\"width\":600,\"height\":600,\"caption\":\"Mots cach\\u00e9s \\u00e9t\\u00e9 pour enfants \\u00e0 imprimer\"},{\"@type\":\"WebPage\",\"@id\":\"https:\/\/pour-enfants.fr\/charades\/mots-caches\/ete\/#webpage\",\"url\":\"https:\/\/pour-enfants.fr\/charades\/mots-caches\/ete\/\",\"name\":\"Mots cach\\u00e9s \\u00e9t\\u00e9 \\u00e0 imprimer \\u2013 Jeu gratuit avec solution\",\"isPartOf\":{\"@id\":\"https:\/\/pour-enfants.fr\/charades\/#website\"},\"primaryImageOfPage\":{\"@id\":\"https:\/\/pour-enfants.fr\/charades\/mots-caches\/ete\/#primaryimage\"},\"datePublished\":\"2025-06-25T07:12:07+00:00\",\"dateModified\":\"2025-06-25T07:31:40+00:00\",\"description\":\"Mots cach\\u00e9s \\u00e9t\\u00e9 \\u00e0 imprimer pour enfants. Trois versions gratuites \\u00e0 t\\u00e9l\\u00e9charger : couleur, noir et blanc, avec ou sans solution.\",\"breadcrumb\":{\"@id\":\"https:\/\/pour-enfants.fr\/charades\/mots-caches\/ete\/#breadcrumb\"},\"inLanguage\":\"fr-FR\",\"potentialAction\":[{\"@type\":\"ReadAction\",\"target\":[\"https:\/\/pour-enfants.fr\/charades\/mots-caches\/ete\/\"]}]},{\"@type\":\"BreadcrumbList\",\"@id\":\"https:\/\/pour-enfants.fr\/charades\/mots-caches\/ete\/#breadcrumb\",\"itemListElement\":[{\"@type\":\"ListItem\",\"position\":1,\"name\":\"Accueil\",\"item\":\"https:\/\/pour-enfants.fr\/charades\/\"},{\"@type\":\"ListItem\",\"position\":2,\"name\":\"Mots cach\\u00e9s\",\"item\":\"https:\/\/pour-enfants.fr\/charades\/mots-caches\/\"},{\"@type\":\"ListItem\",\"position\":3,\"name\":\"Mots cach\\u00e9s \\u00e9t\\u00e9 \\u00e0 imprimer (avec solutions)\"}]}]}<\/script>\n<!-- \/ Yoast SEO plugin. -->","yoast_head_json":{"title":"Mots cach\u00e9s \u00e9t\u00e9 \u00e0 imprimer \u2013 Jeu gratuit avec solution","description":"Mots cach\u00e9s \u00e9t\u00e9 \u00e0 imprimer pour enfants. Trois versions gratuites \u00e0 t\u00e9l\u00e9charger : couleur, noir et blanc, avec ou sans solution.","robots":{"index":"index","follow":"follow","max-snippet":"max-snippet:-1","max-image-preview":"max-image-preview:large","max-video-preview":"max-video-preview:-1"},"canonical":"https:\/\/pour-enfants.fr\/charades\/mots-caches\/ete\/","og_locale":"fr_FR","og_type":"article","og_title":"Mots cach\u00e9s \u00e9t\u00e9 \u00e0 imprimer \u2013 Jeu gratuit avec solution","og_description":"Mots cach\u00e9s \u00e9t\u00e9 \u00e0 imprimer pour enfants. Trois versions gratuites \u00e0 t\u00e9l\u00e9charger : couleur, noir et blanc, avec ou sans solution.","og_url":"https:\/\/pour-enfants.fr\/charades\/mots-caches\/ete\/","og_site_name":"Charades, mots cach\u00e9s, jeux, devinettes, pour enfants.","article_modified_time":"2025-06-25T07:31:40+00:00","og_image":[{"width":600,"height":600,"url":"https:\/\/pour-enfants.fr\/charades\/wp-content\/uploads\/2025\/06\/mots-caches-ete-enfants.png","type":"image\/png"}],"twitter_card":"summary","twitter_misc":{"Dur\u00e9e de lecture estim\u00e9e":"3 minutes"},"schema":{"@context":"https:\/\/schema.org","@graph":[{"@type":"WebSite","@id":"https:\/\/pour-enfants.fr\/charades\/#website","url":"https:\/\/pour-enfants.fr\/charades\/","name":"Charades, mots cach\u00e9s, jeux, devinettes, pour enfants.","description":"Activit\u00e9s \u00e0 imprimer pour enfants. Maternelle et \u00e9l\u00e9mentaire. Cp ce1 ce2 cm1 cm2. Avec l&#039;id\u00e9e d&#039;apprendre.","potentialAction":[{"@type":"SearchAction","target":{"@type":"EntryPoint","urlTemplate":"https:\/\/pour-enfants.fr\/charades\/?s={search_term_string}"},"query-input":"required name=search_term_string"}],"inLanguage":"fr-FR"},{"@type":"ImageObject","@id":"https:\/\/pour-enfants.fr\/charades\/mots-caches\/ete\/#primaryimage","inLanguage":"fr-FR","url":"https:\/\/pour-enfants.fr\/charades\/wp-content\/uploads\/2025\/06\/mots-caches-ete-enfants.png","contentUrl":"https:\/\/pour-enfants.fr\/charades\/wp-content\/uploads\/2025\/06\/mots-caches-ete-enfants.png","width":600,"height":600,"caption":"Mots cach\u00e9s \u00e9t\u00e9 pour enfants \u00e0 imprimer"},{"@type":"WebPage","@id":"https:\/\/pour-enfants.fr\/charades\/mots-caches\/ete\/#webpage","url":"https:\/\/pour-enfants.fr\/charades\/mots-caches\/ete\/","name":"Mots cach\u00e9s \u00e9t\u00e9 \u00e0 imprimer \u2013 Jeu gratuit avec solution","isPartOf":{"@id":"https:\/\/pour-enfants.fr\/charades\/#website"},"primaryImageOfPage":{"@id":"https:\/\/pour-enfants.fr\/charades\/mots-caches\/ete\/#primaryimage"},"datePublished":"2025-06-25T07:12:07+00:00","dateModified":"2025-06-25T07:31:40+00:00","description":"Mots cach\u00e9s \u00e9t\u00e9 \u00e0 imprimer pour enfants. Trois versions gratuites \u00e0 t\u00e9l\u00e9charger : couleur, noir et blanc, avec ou sans solution.","breadcrumb":{"@id":"https:\/\/pour-enfants.fr\/charades\/mots-caches\/ete\/#breadcrumb"},"inLanguage":"fr-FR","potentialAction":[{"@type":"ReadAction","target":["https:\/\/pour-enfants.fr\/charades\/mots-caches\/ete\/"]}]},{"@type":"BreadcrumbList","@id":"https:\/\/pour-enfants.fr\/charades\/mots-caches\/ete\/#breadcrumb","itemListElement":[{"@type":"ListItem","position":1,"name":"Accueil","item":"https:\/\/pour-enfants.fr\/charades\/"},{"@type":"ListItem","position":2,"name":"Mots cach\u00e9s","item":"https:\/\/pour-enfants.fr\/charades\/mots-caches\/"},{"@type":"ListItem","position":3,"name":"Mots cach\u00e9s \u00e9t\u00e9 \u00e0 imprimer (avec solutions)"}]}]}},"_links":{"self":[{"href":"https:\/\/pour-enfants.fr\/charades\/wp-json\/wp\/v2\/pages\/3652"}],"collection":[{"href":"https:\/\/pour-enfants.fr\/charades\/wp-json\/wp\/v2\/pages"}],"about":[{"href":"https:\/\/pour-enfants.fr\/charades\/wp-json\/wp\/v2\/types\/page"}],"author":[{"embeddable":true,"href":"https:\/\/pour-enfants.fr\/charades\/wp-json\/wp\/v2\/users\/1"}],"replies":[{"embeddable":true,"href":"https:\/\/pour-enfants.fr\/charades\/wp-json\/wp\/v2\/comments?post=3652"}],"version-history":[{"count":8,"href":"https:\/\/pour-enfants.fr\/charades\/wp-json\/wp\/v2\/pages\/3652\/revisions"}],"predecessor-version":[{"id":3663,"href":"https:\/\/pour-enfants.fr\/charades\/wp-json\/wp\/v2\/pages\/3652\/revisions\/3663"}],"up":[{"embeddable":true,"href":"https:\/\/pour-enfants.fr\/charades\/wp-json\/wp\/v2\/pages\/3499"}],"wp:featuredmedia":[{"embeddable":true,"href":"https:\/\/pour-enfants.fr\/charades\/wp-json\/wp\/v2\/media\/3649"}],"wp:attachment":[{"href":"https:\/\/pour-enfants.fr\/charades\/wp-json\/wp\/v2\/media?parent=3652"}],"curies":[{"name":"wp","href":"https:\/\/api.w.org\/{rel}","templated":true}]}}